{"id":709,"date":"2024-11-20T17:23:33","date_gmt":"2024-11-20T13:23:33","guid":{"rendered":"https:\/\/rashadjabrayilov.az\/quality-control\/"},"modified":"2024-11-21T16:55:11","modified_gmt":"2024-11-21T12:55:11","slug":"quality-control","status":"publish","type":"page","link":"https:\/\/rashadjabrayilov.az\/en\/quality-control\/","title":{"rendered":"Quality Control"},"content":{"rendered":"<p>Effektiv keyfiyy\u0259t\u0259 n\u0259zar\u0259t m\u00fc\u015ft\u0259ri m\u0259mnuniyy\u0259tini qoruma\u011fa, q\u00fcsurlar\u0131 azaltma\u011fa v\u0259 \u00fcmumi s\u0259m\u0259r\u0259liliyi art\u0131rma\u011fa k\u00f6m\u0259k edir. Keyfiyy\u0259t\u0259 n\u0259zar\u0259t xidm\u0259tin\u0259 daxildir:<\/p>\n<ol>\n<li>Keyfiyy\u0259t standartlar\u0131n\u0131n m\u00fc\u0259yy\u0259n edilm\u0259si<\/li>\n<\/ol>\n<p>Meyarlar\u0131 t\u0259yin edilm\u0259si.<\/p>\n<p>Standartlar\u0131 s\u0259n\u0259dl\u0259\u015fdirilm\u0259si.<\/p>\n<ol start=\"2\">\n<li>Keyfiyy\u0259t\u0259 n\u0259zar\u0259t prosesl\u0259rin inki\u015faf etdirilm\u0259si<\/li>\n<\/ol>\n<p>M\u0259hsul v\u0259 ya xidm\u0259tl\u0259rin yoxlan\u0131lmas\u0131 prosedurlar\u0131n\u0131n haz\u0131rlanmas\u0131.<\/p>\n<p>M\u0259hsullar\u0131n performans v\u0259 t\u0259hl\u00fck\u0259sizlik standartlar\u0131na cavab verm\u0259sini t\u0259min etm\u0259k \u00fc\u00e7\u00fcn test metodlar\u0131n\u0131 t\u0259tbiq edilm\u0259si.<\/p>\n<ol>\n<li>Keyfiyy\u0259t\u0259 n\u0259zar\u0259t vasit\u0259l\u0259rini t\u0259tbiq edilm\u0259si<\/li>\n<\/ol>\n<p>B\u00fct\u00fcn keyfiyy\u0259t\u0259 n\u0259zar\u0259t tap\u015f\u0131r\u0131qlar\u0131n\u0131n yerin\u0259 yetirilm\u0259sini v\u0259 standartlara uy\u011funlu\u011funu t\u0259min etm\u0259k \u00fc\u00e7\u00fcn yoxlama siyah\u0131lar\u0131n\u0131n yarad\u0131lmas\u0131.<\/p>\n<p>Prosesd\u0259ki d\u0259yi\u015fiklikl\u0259ri izl\u0259m\u0259k v\u0259 standartlardan k\u0259narla\u015fmalar\u0131 a\u015fkar etm\u0259k \u00fc\u00e7\u00fcn n\u0259zar\u0259t diaqramlardan istifad\u0259 edilm\u0259si.<\/p>\n<ol start=\"4\">\n<li>Kadrlar\u0131n yeti\u015fdirilm\u0259si<\/li>\n<\/ol>\n<p>Personala keyfiyy\u0259t standartlar\u0131, prosedurlar\u0131 v\u0259 al\u0259tl\u0259r \u00fczr\u0259 t\u0259lim ke\u00e7irilm\u0259si.<\/p>\n<ol start=\"5\">\n<li>Keyfiyy\u0259t\u0259 n\u0259zar\u0259t v\u0259 qiym\u0259tl\u0259ndirm\u0259<\/li>\n<\/ol>\n<p>Q\u00fcsurlar\u0131n say\u0131, geri \u00f6d\u0259m\u0259l\u0259r v\u0259 m\u00fc\u015ft\u0259ri \u015fikay\u0259tl\u0259ri kimi \u0259sas keyfiyy\u0259t g\u00f6st\u0259ricil\u0259rini izl\u0259nilm\u0259si.<\/p>\n<p>Standartlara uy\u011funlu\u011fu qiym\u0259tl\u0259ndirm\u0259k v\u0259 t\u0259kmill\u0259\u015fdirm\u0259 t\u0259l\u0259b ed\u0259n sah\u0259l\u0259ri m\u00fc\u0259yy\u0259n etm\u0259k \u00fc\u00e7\u00fcn m\u00fcnt\u0259z\u0259m keyfiyy\u0259t yoxlamalar\u0131n\u0131n apar\u0131lmas\u0131.<\/p>\n<ol start=\"6\">\n<li>T\u0259chizat\u00e7\u0131 keyfiyy\u0259tinin idar\u0259 edilm\u0259si T\u0259chizat\u00e7\u0131lar\u0131n keyfiyy\u0259t standartlar\u0131na uy\u011fun olmas\u0131n\u0131 t\u0259min etm\u0259k \u00fc\u00e7\u00fcn m\u00fcnt\u0259z\u0259m yoxlamalar\u0131n apar\u0131lmas\u0131.<\/li>\n<\/ol>\n<p>T\u0259chizat\u00e7\u0131larla g\u00f6zl\u0259ntil\u0259ri, standartlar\u0131 v\u0259 v\u0259zif\u0259l\u0259ri \u0259ks etdir\u0259n keyfiyy\u0259t m\u00fcqavil\u0259l\u0259rinin ba\u011flan\u0131lmas\u0131.<\/p>\n<p>T\u0259chizat\u00e7\u0131lar\u0131n i\u015fin\u0259 n\u0259zar\u0259t edilm\u0259si v\u0259 keyfiyy\u0259t probleminin h\u0259ll edilm\u0259si.<\/p>\n<ol start=\"7\">\n<li>Sertifikatla\u015fd\u0131rma<\/li>\n<\/ol>\n<p>Keyfiyy\u0259t\u0259 n\u0259zar\u0259t prosesl\u0259rinin s\u0259naye qaydalar\u0131na v\u0259 standartlar\u0131na uy\u011funla\u015fd\u0131r\u0131lmas\u0131.<\/p>\n<p>Keyfiyy\u0259t idar\u0259etm\u0259 standartlar\u0131na uy\u011funlu\u011funu t\u0259sdiql\u0259y\u0259n m\u00fcvafiq sertifikatlar\u0131n (m\u0259s\u0259l\u0259n, ISO 9001) \u0259ld\u0259 edilm\u0259si.<\/p>\n<p>&nbsp;<\/p>\n<p>Keyfiyy\u0259t n\u0259zar\u0259ti xidm\u0259ti haqq\u0131nda daha \u0259trafl\u0131 m\u0259lumat almaq \u00fc\u00e7\u00fcn m\u0259niml\u0259 \u0259laq\u0259 saxlay\u0131n!<\/p>\n","protected":false},"excerpt":{"rendered":"<p>Effektiv keyfiyy\u0259t\u0259 n\u0259zar\u0259t m\u00fc\u015ft\u0259ri m\u0259mnuniyy\u0259tini qoruma\u011fa, q\u00fcsurlar\u0131 azaltma\u011fa v\u0259 \u00fcmumi s\u0259m\u0259r\u0259liliyi art\u0131rma\u011fa k\u00f6m\u0259k edir. Keyfiyy\u0259t\u0259 n\u0259zar\u0259t xidm\u0259tin\u0259 daxildir: Keyfiyy\u0259t standartlar\u0131n\u0131n m\u00fc\u0259yy\u0259n edilm\u0259si Meyarlar\u0131 t\u0259yin edilm\u0259si. Standartlar\u0131 s\u0259n\u0259dl\u0259\u015fdirilm\u0259si. Keyfiyy\u0259t\u0259 n\u0259zar\u0259t prosesl\u0259rin inki\u015faf etdirilm\u0259si M\u0259hsul v\u0259 ya xidm\u0259tl\u0259rin yoxlan\u0131lmas\u0131 prosedurlar\u0131n\u0131n haz\u0131rlanmas\u0131. M\u0259hsullar\u0131n performans v\u0259 t\u0259hl\u00fck\u0259sizlik standartlar\u0131na cavab verm\u0259sini t\u0259min etm\u0259k \u00fc\u00e7\u00fcn test metodlar\u0131n\u0131 t\u0259tbiq edilm\u0259si. Keyfiyy\u0259t\u0259 n\u0259zar\u0259t [&hellip;]<\/p>\n","protected":false},"author":1,"featured_media":0,"parent":0,"menu_order":0,"comment_status":"closed","ping_status":"closed","template":"elementor_theme","meta":{"footnotes":""},"class_list":["post-709","page","type-page","status-publish","hentry"],"yoast_head":"<!-- This site is optimized with the Yoast SEO Premium plugin v23.9 (Yoast SEO v24.0-RC3) - https:\/\/yoast.com\/wordpress\/plugins\/seo\/ -->\n<title>Quality Control - Rashad Jabrayilov<\/title>\n<meta name=\"robots\" content=\"index, follow, max-snippet:-1, max-image-preview:large, max-video-preview:-1\" \/>\n<link rel=\"canonical\" href=\"https:\/\/rashadjabrayilov.az\/en\/quality-control\/\" \/>\n<meta property=\"og:locale\" content=\"en_US\" \/>\n<meta property=\"og:type\" content=\"article\" \/>\n<meta property=\"og:title\" content=\"Quality Control\" \/>\n<meta property=\"og:description\" content=\"Effektiv keyfiyy\u0259t\u0259 n\u0259zar\u0259t m\u00fc\u015ft\u0259ri m\u0259mnuniyy\u0259tini qoruma\u011fa, q\u00fcsurlar\u0131 azaltma\u011fa v\u0259 \u00fcmumi s\u0259m\u0259r\u0259liliyi art\u0131rma\u011fa k\u00f6m\u0259k edir. Keyfiyy\u0259t\u0259 n\u0259zar\u0259t xidm\u0259tin\u0259 daxildir: Keyfiyy\u0259t standartlar\u0131n\u0131n m\u00fc\u0259yy\u0259n edilm\u0259si Meyarlar\u0131 t\u0259yin edilm\u0259si. Standartlar\u0131 s\u0259n\u0259dl\u0259\u015fdirilm\u0259si. Keyfiyy\u0259t\u0259 n\u0259zar\u0259t prosesl\u0259rin inki\u015faf etdirilm\u0259si M\u0259hsul v\u0259 ya xidm\u0259tl\u0259rin yoxlan\u0131lmas\u0131 prosedurlar\u0131n\u0131n haz\u0131rlanmas\u0131. M\u0259hsullar\u0131n performans v\u0259 t\u0259hl\u00fck\u0259sizlik standartlar\u0131na cavab verm\u0259sini t\u0259min etm\u0259k \u00fc\u00e7\u00fcn test metodlar\u0131n\u0131 t\u0259tbiq edilm\u0259si. Keyfiyy\u0259t\u0259 n\u0259zar\u0259t [&hellip;]\" \/>\n<meta property=\"og:url\" content=\"https:\/\/rashadjabrayilov.az\/en\/quality-control\/\" \/>\n<meta property=\"og:site_name\" content=\"Rashad Jabrayilov\" \/>\n<meta property=\"article:modified_time\" content=\"2024-11-21T12:55:11+00:00\" \/>\n<meta name=\"twitter:card\" content=\"summary_large_image\" \/>\n<meta name=\"twitter:label1\" content=\"Est. reading time\" \/>\n\t<meta name=\"twitter:data1\" content=\"2 minutes\" \/>\n<script type=\"application\/ld+json\" class=\"yoast-schema-graph\">{\"@context\":\"https:\/\/schema.org\",\"@graph\":[{\"@type\":\"WebPage\",\"@id\":\"https:\/\/rashadjabrayilov.az\/en\/quality-control\/\",\"url\":\"https:\/\/rashadjabrayilov.az\/en\/quality-control\/\",\"name\":\"Quality Control - Rashad Jabrayilov\",\"isPartOf\":{\"@id\":\"https:\/\/rashadjabrayilov.az\/#website\"},\"datePublished\":\"2024-11-20T13:23:33+00:00\",\"dateModified\":\"2024-11-21T12:55:11+00:00\",\"breadcrumb\":{\"@id\":\"https:\/\/rashadjabrayilov.az\/en\/quality-control\/#breadcrumb\"},\"inLanguage\":\"en-US\",\"potentialAction\":[{\"@type\":\"ReadAction\",\"target\":[\"https:\/\/rashadjabrayilov.az\/en\/quality-control\/\"]}]},{\"@type\":\"BreadcrumbList\",\"@id\":\"https:\/\/rashadjabrayilov.az\/en\/quality-control\/#breadcrumb\",\"itemListElement\":[{\"@type\":\"ListItem\",\"position\":1,\"name\":\"Home\",\"item\":\"https:\/\/rashadjabrayilov.az\/en\/home-page\/\"},{\"@type\":\"ListItem\",\"position\":2,\"name\":\"Quality Control\"}]},{\"@type\":\"WebSite\",\"@id\":\"https:\/\/rashadjabrayilov.az\/#website\",\"url\":\"https:\/\/rashadjabrayilov.az\/\",\"name\":\"Rashad Jabrayilov\",\"description\":\"\",\"potentialAction\":[{\"@type\":\"SearchAction\",\"target\":{\"@type\":\"EntryPoint\",\"urlTemplate\":\"https:\/\/rashadjabrayilov.az\/?s={search_term_string}\"},\"query-input\":{\"@type\":\"PropertyValueSpecification\",\"valueRequired\":true,\"valueName\":\"search_term_string\"}}],\"inLanguage\":\"en-US\"}]}<\/script>\n<!-- \/ Yoast SEO Premium plugin. -->","yoast_head_json":{"title":"Quality Control - Rashad Jabrayilov","robots":{"index":"index","follow":"follow","max-snippet":"max-snippet:-1","max-image-preview":"max-image-preview:large","max-video-preview":"max-video-preview:-1"},"canonical":"https:\/\/rashadjabrayilov.az\/en\/quality-control\/","og_locale":"en_US","og_type":"article","og_title":"Quality Control","og_description":"Effektiv keyfiyy\u0259t\u0259 n\u0259zar\u0259t m\u00fc\u015ft\u0259ri m\u0259mnuniyy\u0259tini qoruma\u011fa, q\u00fcsurlar\u0131 azaltma\u011fa v\u0259 \u00fcmumi s\u0259m\u0259r\u0259liliyi art\u0131rma\u011fa k\u00f6m\u0259k edir. Keyfiyy\u0259t\u0259 n\u0259zar\u0259t xidm\u0259tin\u0259 daxildir: Keyfiyy\u0259t standartlar\u0131n\u0131n m\u00fc\u0259yy\u0259n edilm\u0259si Meyarlar\u0131 t\u0259yin edilm\u0259si. Standartlar\u0131 s\u0259n\u0259dl\u0259\u015fdirilm\u0259si. Keyfiyy\u0259t\u0259 n\u0259zar\u0259t prosesl\u0259rin inki\u015faf etdirilm\u0259si M\u0259hsul v\u0259 ya xidm\u0259tl\u0259rin yoxlan\u0131lmas\u0131 prosedurlar\u0131n\u0131n haz\u0131rlanmas\u0131. M\u0259hsullar\u0131n performans v\u0259 t\u0259hl\u00fck\u0259sizlik standartlar\u0131na cavab verm\u0259sini t\u0259min etm\u0259k \u00fc\u00e7\u00fcn test metodlar\u0131n\u0131 t\u0259tbiq edilm\u0259si. Keyfiyy\u0259t\u0259 n\u0259zar\u0259t [&hellip;]","og_url":"https:\/\/rashadjabrayilov.az\/en\/quality-control\/","og_site_name":"Rashad Jabrayilov","article_modified_time":"2024-11-21T12:55:11+00:00","twitter_card":"summary_large_image","twitter_misc":{"Est. reading time":"2 minutes"},"schema":{"@context":"https:\/\/schema.org","@graph":[{"@type":"WebPage","@id":"https:\/\/rashadjabrayilov.az\/en\/quality-control\/","url":"https:\/\/rashadjabrayilov.az\/en\/quality-control\/","name":"Quality Control - Rashad Jabrayilov","isPartOf":{"@id":"https:\/\/rashadjabrayilov.az\/#website"},"datePublished":"2024-11-20T13:23:33+00:00","dateModified":"2024-11-21T12:55:11+00:00","breadcrumb":{"@id":"https:\/\/rashadjabrayilov.az\/en\/quality-control\/#breadcrumb"},"inLanguage":"en-US","potentialAction":[{"@type":"ReadAction","target":["https:\/\/rashadjabrayilov.az\/en\/quality-control\/"]}]},{"@type":"BreadcrumbList","@id":"https:\/\/rashadjabrayilov.az\/en\/quality-control\/#breadcrumb","itemListElement":[{"@type":"ListItem","position":1,"name":"Home","item":"https:\/\/rashadjabrayilov.az\/en\/home-page\/"},{"@type":"ListItem","position":2,"name":"Quality Control"}]},{"@type":"WebSite","@id":"https:\/\/rashadjabrayilov.az\/#website","url":"https:\/\/rashadjabrayilov.az\/","name":"Rashad Jabrayilov","description":"","potentialAction":[{"@type":"SearchAction","target":{"@type":"EntryPoint","urlTemplate":"https:\/\/rashadjabrayilov.az\/?s={search_term_string}"},"query-input":{"@type":"PropertyValueSpecification","valueRequired":true,"valueName":"search_term_string"}}],"inLanguage":"en-US"}]}},"_links":{"self":[{"href":"https:\/\/rashadjabrayilov.az\/en\/wp-json\/wp\/v2\/pages\/709","targetHints":{"allow":["GET"]}}],"collection":[{"href":"https:\/\/rashadjabrayilov.az\/en\/wp-json\/wp\/v2\/pages"}],"about":[{"href":"https:\/\/rashadjabrayilov.az\/en\/wp-json\/wp\/v2\/types\/page"}],"author":[{"embeddable":true,"href":"https:\/\/rashadjabrayilov.az\/en\/wp-json\/wp\/v2\/users\/1"}],"replies":[{"embeddable":true,"href":"https:\/\/rashadjabrayilov.az\/en\/wp-json\/wp\/v2\/comments?post=709"}],"version-history":[{"count":2,"href":"https:\/\/rashadjabrayilov.az\/en\/wp-json\/wp\/v2\/pages\/709\/revisions"}],"predecessor-version":[{"id":711,"href":"https:\/\/rashadjabrayilov.az\/en\/wp-json\/wp\/v2\/pages\/709\/revisions\/711"}],"wp:attachment":[{"href":"https:\/\/rashadjabrayilov.az\/en\/wp-json\/wp\/v2\/media?parent=709"}],"curies":[{"name":"wp","href":"https:\/\/api.w.org\/{rel}","templated":true}]}}